{"id":6222,"date":"2022-12-01T16:00:05","date_gmt":"2022-12-01T14:00:05","guid":{"rendered":"https:\/\/tierracalma.com\/?post_type=product&#038;p=6222"},"modified":"2024-01-25T18:18:15","modified_gmt":"2024-01-25T16:18:15","slug":"gastronomic-gift-card-for-2-pax","status":"publish","type":"product","link":"https:\/\/tierracalma.com\/en\/producto\/gastronomic-gift-card-for-2-pax\/","title":{"rendered":"GASTRONOMIC GIFT CARD FOR 2 PAX"},"content":{"rendered":"[et_pb_section fb_built=&#8221;1&#8243; _builder_version=&#8221;4.19.1&#8243; _module_preset=&#8221;default&#8221; global_colors_info=&#8221;{}&#8221;][et_pb_row column_structure=&#8221;1_2,1_2&#8243; _builder_version=&#8221;4.16&#8243; _module_preset=&#8221;default&#8221; global_colors_info=&#8221;{}&#8221;][et_pb_column type=&#8221;1_2&#8243; _builder_version=&#8221;4.16&#8243; _module_preset=&#8221;default&#8221; global_colors_info=&#8221;{}&#8221;][et_pb_image src=&#8221;https:\/\/tierracalma.com\/wp-content\/uploads\/2022\/12\/experiencia-gastronomica-img.webp&#8221; alt=&#8221;&lt;p&gt;EXPERIENCE GASTRONOMIC&lt;\/p&gt;&#8221; title_text=&#8221;&lt;p&gt;&lt;img src=&quot;https:\/\/tierracalma.com\/wp-content\/uploads\/2024\/01\/Experiencia-Gastronomica-ingles-.png&quot; alt=&quot;Descripci\u00f3n de la imagen&quot; \/&gt;&lt;\/p&gt;&#8221; align=&#8221;center&#8221; _builder_version=&#8221;4.19.1&#8243; _module_preset=&#8221;default&#8221; custom_margin=&#8221;9px||||false|false&#8221; global_colors_info=&#8221;{}&#8221;][\/et_pb_image][\/et_pb_column][et_pb_column type=&#8221;1_2&#8243; _builder_version=&#8221;4.16&#8243; _module_preset=&#8221;default&#8221; global_colors_info=&#8221;{}&#8221;][et_pb_wc_title _builder_version=&#8221;4.19.1&#8243; global_colors_info=&#8221;{}&#8221;][\/et_pb_wc_title][et_pb_wc_price _builder_version=&#8221;4.19.1&#8243; global_colors_info=&#8221;{}&#8221;][\/et_pb_wc_price][et_pb_wc_add_to_cart _builder_version=&#8221;4.19.1&#8243; fields_background_color=&#8221;#ffffff&#8221; fields_text_color=&#8221;#000000&#8243; field_label_font=&#8221;|800|||||||&#8221; field_label_font_size=&#8221;20px&#8221; fields_text_align=&#8221;center&#8221; fields_font_size=&#8221;21px&#8221; field_label_text_shadow_style=&#8221;preset1&#8243; field_label_text_shadow_vertical_length=&#8221;0em&#8221; field_label_text_shadow_blur_strength=&#8221;0em&#8221; fields_text_shadow_style=&#8221;preset4&#8243; border_width_all_fields=&#8221;1px&#8221; border_color_all_fields=&#8221;#c4c4c4&#8243; body_font=&#8221;|800|||||||&#8221; body_font_size=&#8221;20px&#8221; body_text_shadow_style=&#8221;preset1&#8243; global_colors_info=&#8221;{}&#8221;][\/et_pb_wc_add_to_cart][et_pb_wc_description _builder_version=&#8221;4.19.1&#8243; global_colors_info=&#8221;{}&#8221;][\/et_pb_wc_description][et_pb_button button_url=&#8221;&lt;p&gt;https:\/\/tierracalma.com\/wp-content\/uploads\/2024\/01\/DESCUBRE-TIERRA-CALMA-TARJETA-REGALO-sin-precios.pdf&lt;\/p&gt;&#8221; url_new_window=&#8221;on&#8221; button_text=&#8221;Get to know Tierra Calma and its sourrondings&#8221; button_alignment=&#8221;left&#8221; _builder_version=&#8221;4.23.1&#8243; _module_preset=&#8221;default&#8221; custom_button=&#8221;on&#8221; button_font=&#8221;|800|||||||&#8221; button_icon=&#8221;&#xf1c1;||fa||900&#8243; button_icon_placement=&#8221;left&#8221; button_on_hover=&#8221;off&#8221; global_colors_info=&#8221;{}&#8221;][\/et_pb_button][\/et_pb_column][\/et_pb_row][\/et_pb_section][et_pb_section fb_built=&#8221;1&#8243; _builder_version=&#8221;4.19.1&#8243; _module_preset=&#8221;default&#8221; global_colors_info=&#8221;{}&#8221;][et_pb_row _builder_version=&#8221;4.19.1&#8243; _module_preset=&#8221;default&#8221; global_colors_info=&#8221;{}&#8221;][et_pb_column type=&#8221;4_4&#8243; _builder_version=&#8221;4.19.1&#8243; _module_preset=&#8221;default&#8221; global_colors_info=&#8221;{}&#8221;][\/et_pb_column][\/et_pb_row][\/et_pb_section]\n","protected":false},"excerpt":{"rendered":"<p>&nbsp;<\/p>\n<p>This gift card will be sent by email in PDF format once the purchase is completed.<\/p>\n<p>Redeemable for 6 months from the date of purchase.<\/p>\n<p>Includes:<\/p>\n<p>Winery tour.<\/p>\n<p>Vineyard tour.<\/p>\n<p>Enjoy the flavors of the best lamb chops cooked over vine shoots, paired with 4 of our finest wines, in a unique setting.<\/p>\n<p>Combined with an assortment of Iberian cured meats and cheeses.<\/p>\n<p>Tasting of 4 wines (3 Garnachas and 1 Albillo Real).<\/p>\n<p>We provide you with a unique experience. Our desire is for you to live the magic of Gredos through wine and its culture.<\/p>\n<p>(2 PAX)<\/p>\n","protected":false},"featured_media":7955,"template":"","meta":{"_et_pb_use_builder":"on","_et_pb_old_content":"","_et_gb_content_width":""},"product_brand":[],"product_cat":[30],"product_tag":[],"class_list":{"0":"post-6222","1":"product","2":"type-product","3":"status-publish","4":"has-post-thumbnail","6":"product_cat-tienda-en","8":"first","9":"instock","10":"virtual","11":"purchasable","12":"product-type-simple"},"acf":[],"yoast_head":"<!-- This site is optimized with the Yoast SEO plugin v26.2 - https:\/\/yoast.com\/wordpress\/plugins\/seo\/ -->\n<title>GASTRONOMIC GIFT CARD FOR 2 PAX - Bodega Tierra Calma - Vinos y Enoturismo de Madrid<\/title>\n<meta name=\"description\" content=\"La experiencia comienza en la bodega donde descubrir\u00e1s nuestra filosof\u00eda y proceso de elaboraci\u00f3n y crianza de nuestros vinos naturales.\" \/>\n<meta name=\"robots\" content=\"index, follow, max-snippet:-1, max-image-preview:large, max-video-preview:-1\" \/>\n<link rel=\"canonical\" href=\"https:\/\/tierracalma.com\/producto\/tarjeta-regalo-experiencia-gastronomica\/\" \/>\n<meta property=\"og:locale\" content=\"en_US\" \/>\n<meta property=\"og:type\" content=\"article\" \/>\n<meta property=\"og:title\" content=\"GASTRONOMIC GIFT CARD FOR 2 PAX - Bodega Tierra Calma - Vinos y Enoturismo de Madrid\" \/>\n<meta property=\"og:description\" content=\"La experiencia comienza en la bodega donde descubrir\u00e1s nuestra filosof\u00eda y proceso de elaboraci\u00f3n y crianza de nuestros vinos naturales.\" \/>\n<meta property=\"og:url\" content=\"https:\/\/tierracalma.com\/producto\/tarjeta-regalo-experiencia-gastronomica\/\" \/>\n<meta property=\"og:site_name\" content=\"Bodega Tierra Calma - Vinos y Enoturismo de Madrid\" \/>\n<meta property=\"article:publisher\" content=\"https:\/\/www.facebook.com\/tierracalma\/\" \/>\n<meta property=\"article:modified_time\" content=\"2024-01-25T16:18:15+00:00\" \/>\n<meta property=\"og:image\" content=\"https:\/\/tierracalma.com\/wp-content\/uploads\/2022\/12\/experiencia-gastronomica-img.webp\" \/>\n\t<meta property=\"og:image:width\" content=\"640\" \/>\n\t<meta property=\"og:image:height\" content=\"740\" \/>\n\t<meta property=\"og:image:type\" content=\"image\/webp\" \/>\n<meta name=\"twitter:card\" content=\"summary_large_image\" \/>\n<meta name=\"twitter:label1\" content=\"Est. reading time\" \/>\n\t<meta name=\"twitter:data1\" content=\"1 minute\" \/>\n<script type=\"application\/ld+json\" class=\"yoast-schema-graph\">{\"@context\":\"https:\/\/schema.org\",\"@graph\":[{\"@type\":\"WebPage\",\"@id\":\"https:\/\/tierracalma.com\/producto\/tarjeta-regalo-experiencia-gastronomica\/\",\"url\":\"https:\/\/tierracalma.com\/producto\/tarjeta-regalo-experiencia-gastronomica\/\",\"name\":\"GASTRONOMIC GIFT CARD FOR 2 PAX - Bodega Tierra Calma - Vinos y Enoturismo de Madrid\",\"isPartOf\":{\"@id\":\"https:\/\/tierracalma.com\/#website\"},\"primaryImageOfPage\":{\"@id\":\"https:\/\/tierracalma.com\/producto\/tarjeta-regalo-experiencia-gastronomica\/#primaryimage\"},\"image\":{\"@id\":\"https:\/\/tierracalma.com\/producto\/tarjeta-regalo-experiencia-gastronomica\/#primaryimage\"},\"thumbnailUrl\":\"https:\/\/tierracalma.com\/wp-content\/uploads\/2022\/12\/Img-tarjeta-gastronomica-05_25.jpg\",\"datePublished\":\"2022-12-01T14:00:05+00:00\",\"dateModified\":\"2024-01-25T16:18:15+00:00\",\"description\":\"La experiencia comienza en la bodega donde descubrir\u00e1s nuestra filosof\u00eda y proceso de elaboraci\u00f3n y crianza de nuestros vinos naturales.\",\"breadcrumb\":{\"@id\":\"https:\/\/tierracalma.com\/producto\/tarjeta-regalo-experiencia-gastronomica\/#breadcrumb\"},\"inLanguage\":\"en-US\",\"potentialAction\":[{\"@type\":\"ReadAction\",\"target\":[\"https:\/\/tierracalma.com\/producto\/tarjeta-regalo-experiencia-gastronomica\/\"]}]},{\"@type\":\"ImageObject\",\"inLanguage\":\"en-US\",\"@id\":\"https:\/\/tierracalma.com\/producto\/tarjeta-regalo-experiencia-gastronomica\/#primaryimage\",\"url\":\"https:\/\/tierracalma.com\/wp-content\/uploads\/2022\/12\/Img-tarjeta-gastronomica-05_25.jpg\",\"contentUrl\":\"https:\/\/tierracalma.com\/wp-content\/uploads\/2022\/12\/Img-tarjeta-gastronomica-05_25.jpg\",\"width\":696,\"height\":800,\"caption\":\"Img tarjeta gastronomica 05_25\"},{\"@type\":\"BreadcrumbList\",\"@id\":\"https:\/\/tierracalma.com\/producto\/tarjeta-regalo-experiencia-gastronomica\/#breadcrumb\",\"itemListElement\":[{\"@type\":\"ListItem\",\"position\":1,\"name\":\"Portada\",\"item\":\"https:\/\/tierracalma.com\/en\/\"},{\"@type\":\"ListItem\",\"position\":2,\"name\":\"tienda\",\"item\":\"https:\/\/tierracalma.com\/en\/tienda\/\"},{\"@type\":\"ListItem\",\"position\":3,\"name\":\"GASTRONOMIC GIFT CARD FOR 2 PAX\"}]},{\"@type\":\"WebSite\",\"@id\":\"https:\/\/tierracalma.com\/#website\",\"url\":\"https:\/\/tierracalma.com\/\",\"name\":\"Tierra Calma\",\"description\":\"Nuestros vinos son &quot;El alma de la tierra&quot;\",\"publisher\":{\"@id\":\"https:\/\/tierracalma.com\/#organization\"},\"potentialAction\":[{\"@type\":\"SearchAction\",\"target\":{\"@type\":\"EntryPoint\",\"urlTemplate\":\"https:\/\/tierracalma.com\/?s={search_term_string}\"},\"query-input\":{\"@type\":\"PropertyValueSpecification\",\"valueRequired\":true,\"valueName\":\"search_term_string\"}}],\"inLanguage\":\"en-US\"},{\"@type\":\"Organization\",\"@id\":\"https:\/\/tierracalma.com\/#organization\",\"name\":\"Tierra Calma\",\"url\":\"https:\/\/tierracalma.com\/\",\"logo\":{\"@type\":\"ImageObject\",\"inLanguage\":\"en-US\",\"@id\":\"https:\/\/tierracalma.com\/#\/schema\/logo\/image\/\",\"url\":\"https:\/\/tierracalma.com\/wp-content\/uploads\/2018\/01\/logotc.png\",\"contentUrl\":\"https:\/\/tierracalma.com\/wp-content\/uploads\/2018\/01\/logotc.png\",\"width\":260,\"height\":100,\"caption\":\"Tierra Calma\"},\"image\":{\"@id\":\"https:\/\/tierracalma.com\/#\/schema\/logo\/image\/\"},\"sameAs\":[\"https:\/\/www.facebook.com\/tierracalma\/\"]}]}<\/script>\n<!-- \/ Yoast SEO plugin. -->","yoast_head_json":{"title":"GASTRONOMIC GIFT CARD FOR 2 PAX - Bodega Tierra Calma - Vinos y Enoturismo de Madrid","description":"La experiencia comienza en la bodega donde descubrir\u00e1s nuestra filosof\u00eda y proceso de elaboraci\u00f3n y crianza de nuestros vinos naturales.","robots":{"index":"index","follow":"follow","max-snippet":"max-snippet:-1","max-image-preview":"max-image-preview:large","max-video-preview":"max-video-preview:-1"},"canonical":"https:\/\/tierracalma.com\/producto\/tarjeta-regalo-experiencia-gastronomica\/","og_locale":"en_US","og_type":"article","og_title":"GASTRONOMIC GIFT CARD FOR 2 PAX - Bodega Tierra Calma - Vinos y Enoturismo de Madrid","og_description":"La experiencia comienza en la bodega donde descubrir\u00e1s nuestra filosof\u00eda y proceso de elaboraci\u00f3n y crianza de nuestros vinos naturales.","og_url":"https:\/\/tierracalma.com\/producto\/tarjeta-regalo-experiencia-gastronomica\/","og_site_name":"Bodega Tierra Calma - Vinos y Enoturismo de Madrid","article_publisher":"https:\/\/www.facebook.com\/tierracalma\/","article_modified_time":"2024-01-25T16:18:15+00:00","og_image":[{"width":640,"height":740,"url":"https:\/\/tierracalma.com\/wp-content\/uploads\/2022\/12\/experiencia-gastronomica-img.webp","type":"image\/webp"}],"twitter_card":"summary_large_image","twitter_misc":{"Est. reading time":"1 minute"},"schema":{"@context":"https:\/\/schema.org","@graph":[{"@type":"WebPage","@id":"https:\/\/tierracalma.com\/producto\/tarjeta-regalo-experiencia-gastronomica\/","url":"https:\/\/tierracalma.com\/producto\/tarjeta-regalo-experiencia-gastronomica\/","name":"GASTRONOMIC GIFT CARD FOR 2 PAX - Bodega Tierra Calma - Vinos y Enoturismo de Madrid","isPartOf":{"@id":"https:\/\/tierracalma.com\/#website"},"primaryImageOfPage":{"@id":"https:\/\/tierracalma.com\/producto\/tarjeta-regalo-experiencia-gastronomica\/#primaryimage"},"image":{"@id":"https:\/\/tierracalma.com\/producto\/tarjeta-regalo-experiencia-gastronomica\/#primaryimage"},"thumbnailUrl":"https:\/\/tierracalma.com\/wp-content\/uploads\/2022\/12\/Img-tarjeta-gastronomica-05_25.jpg","datePublished":"2022-12-01T14:00:05+00:00","dateModified":"2024-01-25T16:18:15+00:00","description":"La experiencia comienza en la bodega donde descubrir\u00e1s nuestra filosof\u00eda y proceso de elaboraci\u00f3n y crianza de nuestros vinos naturales.","breadcrumb":{"@id":"https:\/\/tierracalma.com\/producto\/tarjeta-regalo-experiencia-gastronomica\/#breadcrumb"},"inLanguage":"en-US","potentialAction":[{"@type":"ReadAction","target":["https:\/\/tierracalma.com\/producto\/tarjeta-regalo-experiencia-gastronomica\/"]}]},{"@type":"ImageObject","inLanguage":"en-US","@id":"https:\/\/tierracalma.com\/producto\/tarjeta-regalo-experiencia-gastronomica\/#primaryimage","url":"https:\/\/tierracalma.com\/wp-content\/uploads\/2022\/12\/Img-tarjeta-gastronomica-05_25.jpg","contentUrl":"https:\/\/tierracalma.com\/wp-content\/uploads\/2022\/12\/Img-tarjeta-gastronomica-05_25.jpg","width":696,"height":800,"caption":"Img tarjeta gastronomica 05_25"},{"@type":"BreadcrumbList","@id":"https:\/\/tierracalma.com\/producto\/tarjeta-regalo-experiencia-gastronomica\/#breadcrumb","itemListElement":[{"@type":"ListItem","position":1,"name":"Portada","item":"https:\/\/tierracalma.com\/en\/"},{"@type":"ListItem","position":2,"name":"tienda","item":"https:\/\/tierracalma.com\/en\/tienda\/"},{"@type":"ListItem","position":3,"name":"GASTRONOMIC GIFT CARD FOR 2 PAX"}]},{"@type":"WebSite","@id":"https:\/\/tierracalma.com\/#website","url":"https:\/\/tierracalma.com\/","name":"Tierra Calma","description":"Nuestros vinos son &quot;El alma de la tierra&quot;","publisher":{"@id":"https:\/\/tierracalma.com\/#organization"},"potentialAction":[{"@type":"SearchAction","target":{"@type":"EntryPoint","urlTemplate":"https:\/\/tierracalma.com\/?s={search_term_string}"},"query-input":{"@type":"PropertyValueSpecification","valueRequired":true,"valueName":"search_term_string"}}],"inLanguage":"en-US"},{"@type":"Organization","@id":"https:\/\/tierracalma.com\/#organization","name":"Tierra Calma","url":"https:\/\/tierracalma.com\/","logo":{"@type":"ImageObject","inLanguage":"en-US","@id":"https:\/\/tierracalma.com\/#\/schema\/logo\/image\/","url":"https:\/\/tierracalma.com\/wp-content\/uploads\/2018\/01\/logotc.png","contentUrl":"https:\/\/tierracalma.com\/wp-content\/uploads\/2018\/01\/logotc.png","width":260,"height":100,"caption":"Tierra Calma"},"image":{"@id":"https:\/\/tierracalma.com\/#\/schema\/logo\/image\/"},"sameAs":["https:\/\/www.facebook.com\/tierracalma\/"]}]}},"_links":{"self":[{"href":"https:\/\/tierracalma.com\/en\/wp-json\/wp\/v2\/product\/6222","targetHints":{"allow":["GET"]}}],"collection":[{"href":"https:\/\/tierracalma.com\/en\/wp-json\/wp\/v2\/product"}],"about":[{"href":"https:\/\/tierracalma.com\/en\/wp-json\/wp\/v2\/types\/product"}],"wp:featuredmedia":[{"embeddable":true,"href":"https:\/\/tierracalma.com\/en\/wp-json\/wp\/v2\/media\/7955"}],"wp:attachment":[{"href":"https:\/\/tierracalma.com\/en\/wp-json\/wp\/v2\/media?parent=6222"}],"wp:term":[{"taxonomy":"product_brand","embeddable":true,"href":"https:\/\/tierracalma.com\/en\/wp-json\/wp\/v2\/product_brand?post=6222"},{"taxonomy":"product_cat","embeddable":true,"href":"https:\/\/tierracalma.com\/en\/wp-json\/wp\/v2\/product_cat?post=6222"},{"taxonomy":"product_tag","embeddable":true,"href":"https:\/\/tierracalma.com\/en\/wp-json\/wp\/v2\/product_tag?post=6222"}],"curies":[{"name":"wp","href":"https:\/\/api.w.org\/{rel}","templated":true}]}}